{"id":1756,"date":"2024-05-23T19:49:19","date_gmt":"2024-05-24T00:49:19","guid":{"rendered":"https:\/\/dariofelipecabello.com\/?post_type=product&#038;p=1756"},"modified":"2024-05-23T19:50:18","modified_gmt":"2024-05-24T00:50:18","slug":"1","status":"publish","type":"product","link":"https:\/\/dariofelipecabello.com\/en\/product\/1\/","title":{"rendered":"1"},"content":{"rendered":"<p>\u00bfSab\u00edas que hay una herramienta quir\u00fargica especial que facilita la colocaci\u00f3n de implantes mamarios de manera segura y pr\u00e1cticamente indolora?<\/p>\n<p>En este fascinante video, el Dr. Dar\u00edo Felipe Cabello te mostrar\u00e1 c\u00f3mo los modernos embudos para implantes permiten una inserci\u00f3n m\u00e1s precisa y controlada a trav\u00e9s de incisiones mucho m\u00e1s peque\u00f1as.<\/p>\n<p>Ver\u00e1s de cerca esta impresionante t\u00e9cnica en acci\u00f3n, mientras el Dr. Dar\u00edo coloca implantes de manera experta utilizando el embudo. Apreciar\u00e1s su manejo meticuloso para minimizar el trauma tisular y lograr resultados naturales con una r\u00e1pida recuperaci\u00f3n.<\/p>\n<p>Quedar\u00e1s cautivado observando c\u00f3mo los implantes se deslizan suavemente a trav\u00e9s del embudo hacia su ubicaci\u00f3n perfecta, moldeando la forma y proyecci\u00f3n deseadas. Si est\u00e1s considerando un aumento de senos o simplemente tienes curiosidad por los \u00faltimos avances tecnol\u00f3gicos en cirug\u00eda pl\u00e1stica mamaria, no puedes perderte este video ilustrativo.<\/p>\n<p>\u00a1Desliza el play y sum\u00e9rgete en un mundo donde la innovaci\u00f3n encuentra la belleza para redefinir los l\u00edmites de lo posible!<\/p>","protected":false},"excerpt":{"rendered":"<p>\u00bfSab\u00edas que hay una herramienta quir\u00fargica especial que facilita la colocaci\u00f3n de implantes mamarios de manera segura y pr\u00e1cticamente indolora? En este fascinante video, el Dr. Dar\u00edo Felipe Cabello te mostrar\u00e1 c\u00f3mo los modernos embudos para implantes permiten una inserci\u00f3n m\u00e1s precisa y controlada a trav\u00e9s de incisiones mucho m\u00e1s peque\u00f1as. Ver\u00e1s de cerca esta [&hellip;]<\/p>","protected":false},"featured_media":430,"comment_status":"open","ping_status":"closed","template":"","meta":{"_ppp_document_settings_meta":""},"product_cat":[27],"product_tag":[],"class_list":{"0":"post-1756","1":"product","2":"type-product","3":"status-publish","4":"has-post-thumbnail","6":"product_cat-sin-categorizar","8":"first","9":"instock","10":"virtual","11":"purchasable","12":"product-type-simple"},"yoast_head":"<!-- This site is optimized with the Yoast SEO plugin v22.8 - https:\/\/yoast.com\/wordpress\/plugins\/seo\/ -->\n<title>1 - Dario Felipe Cabello<\/title>\n<meta name=\"robots\" content=\"index, follow, max-snippet:-1, max-image-preview:large, max-video-preview:-1\" \/>\n<link rel=\"canonical\" href=\"https:\/\/dariofelipecabello.com\/en\/product\/1\/\" \/>\n<meta property=\"og:locale\" content=\"en_US\" \/>\n<meta property=\"og:type\" content=\"article\" \/>\n<meta property=\"og:title\" content=\"1 - Dario Felipe Cabello\" \/>\n<meta property=\"og:description\" content=\"\u00bfSab\u00edas que hay una herramienta quir\u00fargica especial que facilita la colocaci\u00f3n de implantes mamarios de manera segura y pr\u00e1cticamente indolora? En este fascinante video, el Dr. Dar\u00edo Felipe Cabello te mostrar\u00e1 c\u00f3mo los modernos embudos para implantes permiten una inserci\u00f3n m\u00e1s precisa y controlada a trav\u00e9s de incisiones mucho m\u00e1s peque\u00f1as. Ver\u00e1s de cerca esta [&hellip;]\" \/>\n<meta property=\"og:url\" content=\"https:\/\/dariofelipecabello.com\/en\/product\/1\/\" \/>\n<meta property=\"og:site_name\" content=\"Dario Felipe Cabello\" \/>\n<meta property=\"article:modified_time\" content=\"2024-05-24T00:50:18+00:00\" \/>\n<meta property=\"og:image\" content=\"https:\/\/dariofelipecabello.com\/wp-content\/uploads\/2024\/04\/16F91FDB-0326-4DDB-975D-2C5F6F66F500.jpg\" \/>\n\t<meta property=\"og:image:width\" content=\"1536\" \/>\n\t<meta property=\"og:image:height\" content=\"2048\" \/>\n\t<meta property=\"og:image:type\" content=\"image\/jpeg\" \/>\n<meta name=\"twitter:card\" content=\"summary_large_image\" \/>\n<meta name=\"twitter:label1\" content=\"Est. reading time\" \/>\n\t<meta name=\"twitter:data1\" content=\"1 minute\" \/>\n<script type=\"application\/ld+json\" class=\"yoast-schema-graph\">{\"@context\":\"https:\/\/schema.org\",\"@graph\":[{\"@type\":\"WebPage\",\"@id\":\"https:\/\/dariofelipecabello.com\/producto\/1\/\",\"url\":\"https:\/\/dariofelipecabello.com\/producto\/1\/\",\"name\":\"1 - Dario Felipe Cabello\",\"isPartOf\":{\"@id\":\"https:\/\/dariofelipecabello.com\/es\/#website\"},\"primaryImageOfPage\":{\"@id\":\"https:\/\/dariofelipecabello.com\/producto\/1\/#primaryimage\"},\"image\":{\"@id\":\"https:\/\/dariofelipecabello.com\/producto\/1\/#primaryimage\"},\"thumbnailUrl\":\"https:\/\/dariofelipecabello.com\/wp-content\/uploads\/2024\/04\/16F91FDB-0326-4DDB-975D-2C5F6F66F500.jpg\",\"datePublished\":\"2024-05-24T00:49:19+00:00\",\"dateModified\":\"2024-05-24T00:50:18+00:00\",\"breadcrumb\":{\"@id\":\"https:\/\/dariofelipecabello.com\/producto\/1\/#breadcrumb\"},\"inLanguage\":\"en-US\",\"potentialAction\":[{\"@type\":\"ReadAction\",\"target\":[\"https:\/\/dariofelipecabello.com\/producto\/1\/\"]}]},{\"@type\":\"ImageObject\",\"inLanguage\":\"en-US\",\"@id\":\"https:\/\/dariofelipecabello.com\/producto\/1\/#primaryimage\",\"url\":\"https:\/\/dariofelipecabello.com\/wp-content\/uploads\/2024\/04\/16F91FDB-0326-4DDB-975D-2C5F6F66F500.jpg\",\"contentUrl\":\"https:\/\/dariofelipecabello.com\/wp-content\/uploads\/2024\/04\/16F91FDB-0326-4DDB-975D-2C5F6F66F500.jpg\",\"width\":1536,\"height\":2048},{\"@type\":\"BreadcrumbList\",\"@id\":\"https:\/\/dariofelipecabello.com\/producto\/1\/#breadcrumb\",\"itemListElement\":[{\"@type\":\"ListItem\",\"position\":1,\"name\":\"Portada\",\"item\":\"https:\/\/dariofelipecabello.com\/\"},{\"@type\":\"ListItem\",\"position\":2,\"name\":\"Tienda\",\"item\":\"https:\/\/dariofelipecabello.com\/tienda\/\"},{\"@type\":\"ListItem\",\"position\":3,\"name\":\"1\"}]},{\"@type\":\"WebSite\",\"@id\":\"https:\/\/dariofelipecabello.com\/es\/#website\",\"url\":\"https:\/\/dariofelipecabello.com\/es\/\",\"name\":\"Dario Felipe Cabello\",\"description\":\"Keep it Natural\",\"publisher\":{\"@id\":\"https:\/\/dariofelipecabello.com\/es\/#organization\"},\"potentialAction\":[{\"@type\":\"SearchAction\",\"target\":{\"@type\":\"EntryPoint\",\"urlTemplate\":\"https:\/\/dariofelipecabello.com\/es\/?s={search_term_string}\"},\"query-input\":\"required name=search_term_string\"}],\"inLanguage\":\"en-US\"},{\"@type\":\"Organization\",\"@id\":\"https:\/\/dariofelipecabello.com\/es\/#organization\",\"name\":\"Dario Felipe Cabello\",\"url\":\"https:\/\/dariofelipecabello.com\/es\/\",\"logo\":{\"@type\":\"ImageObject\",\"inLanguage\":\"en-US\",\"@id\":\"https:\/\/dariofelipecabello.com\/es\/#\/schema\/logo\/image\/\",\"url\":\"https:\/\/dariofelipecabello.com\/wp-content\/uploads\/2024\/03\/Logo-DFC-Color.png\",\"contentUrl\":\"https:\/\/dariofelipecabello.com\/wp-content\/uploads\/2024\/03\/Logo-DFC-Color.png\",\"width\":997,\"height\":412,\"caption\":\"Dario Felipe Cabello\"},\"image\":{\"@id\":\"https:\/\/dariofelipecabello.com\/es\/#\/schema\/logo\/image\/\"},\"sameAs\":[\"https:\/\/www.instagram.com\/dariofcabello\",\"https:\/\/www.instagram.com\/plasticabello\"]}]}<\/script>\n<!-- \/ Yoast SEO plugin. -->","yoast_head_json":{"title":"1 - Dario Felipe Cabello","robots":{"index":"index","follow":"follow","max-snippet":"max-snippet:-1","max-image-preview":"max-image-preview:large","max-video-preview":"max-video-preview:-1"},"canonical":"https:\/\/dariofelipecabello.com\/en\/product\/1\/","og_locale":"en_US","og_type":"article","og_title":"1 - Dario Felipe Cabello","og_description":"\u00bfSab\u00edas que hay una herramienta quir\u00fargica especial que facilita la colocaci\u00f3n de implantes mamarios de manera segura y pr\u00e1cticamente indolora? En este fascinante video, el Dr. Dar\u00edo Felipe Cabello te mostrar\u00e1 c\u00f3mo los modernos embudos para implantes permiten una inserci\u00f3n m\u00e1s precisa y controlada a trav\u00e9s de incisiones mucho m\u00e1s peque\u00f1as. Ver\u00e1s de cerca esta [&hellip;]","og_url":"https:\/\/dariofelipecabello.com\/en\/product\/1\/","og_site_name":"Dario Felipe Cabello","article_modified_time":"2024-05-24T00:50:18+00:00","og_image":[{"width":1536,"height":2048,"url":"https:\/\/dariofelipecabello.com\/wp-content\/uploads\/2024\/04\/16F91FDB-0326-4DDB-975D-2C5F6F66F500.jpg","type":"image\/jpeg"}],"twitter_card":"summary_large_image","twitter_misc":{"Est. reading time":"1 minute"},"schema":{"@context":"https:\/\/schema.org","@graph":[{"@type":"WebPage","@id":"https:\/\/dariofelipecabello.com\/producto\/1\/","url":"https:\/\/dariofelipecabello.com\/producto\/1\/","name":"1 - Dario Felipe Cabello","isPartOf":{"@id":"https:\/\/dariofelipecabello.com\/es\/#website"},"primaryImageOfPage":{"@id":"https:\/\/dariofelipecabello.com\/producto\/1\/#primaryimage"},"image":{"@id":"https:\/\/dariofelipecabello.com\/producto\/1\/#primaryimage"},"thumbnailUrl":"https:\/\/dariofelipecabello.com\/wp-content\/uploads\/2024\/04\/16F91FDB-0326-4DDB-975D-2C5F6F66F500.jpg","datePublished":"2024-05-24T00:49:19+00:00","dateModified":"2024-05-24T00:50:18+00:00","breadcrumb":{"@id":"https:\/\/dariofelipecabello.com\/producto\/1\/#breadcrumb"},"inLanguage":"en-US","potentialAction":[{"@type":"ReadAction","target":["https:\/\/dariofelipecabello.com\/producto\/1\/"]}]},{"@type":"ImageObject","inLanguage":"en-US","@id":"https:\/\/dariofelipecabello.com\/producto\/1\/#primaryimage","url":"https:\/\/dariofelipecabello.com\/wp-content\/uploads\/2024\/04\/16F91FDB-0326-4DDB-975D-2C5F6F66F500.jpg","contentUrl":"https:\/\/dariofelipecabello.com\/wp-content\/uploads\/2024\/04\/16F91FDB-0326-4DDB-975D-2C5F6F66F500.jpg","width":1536,"height":2048},{"@type":"BreadcrumbList","@id":"https:\/\/dariofelipecabello.com\/producto\/1\/#breadcrumb","itemListElement":[{"@type":"ListItem","position":1,"name":"Portada","item":"https:\/\/dariofelipecabello.com\/"},{"@type":"ListItem","position":2,"name":"Tienda","item":"https:\/\/dariofelipecabello.com\/tienda\/"},{"@type":"ListItem","position":3,"name":"1"}]},{"@type":"WebSite","@id":"https:\/\/dariofelipecabello.com\/es\/#website","url":"https:\/\/dariofelipecabello.com\/es\/","name":"Dario Felipe Cabello","description":"Keep it Natural","publisher":{"@id":"https:\/\/dariofelipecabello.com\/es\/#organization"},"potentialAction":[{"@type":"SearchAction","target":{"@type":"EntryPoint","urlTemplate":"https:\/\/dariofelipecabello.com\/es\/?s={search_term_string}"},"query-input":"required name=search_term_string"}],"inLanguage":"en-US"},{"@type":"Organization","@id":"https:\/\/dariofelipecabello.com\/es\/#organization","name":"Dario Felipe Cabello","url":"https:\/\/dariofelipecabello.com\/es\/","logo":{"@type":"ImageObject","inLanguage":"en-US","@id":"https:\/\/dariofelipecabello.com\/es\/#\/schema\/logo\/image\/","url":"https:\/\/dariofelipecabello.com\/wp-content\/uploads\/2024\/03\/Logo-DFC-Color.png","contentUrl":"https:\/\/dariofelipecabello.com\/wp-content\/uploads\/2024\/03\/Logo-DFC-Color.png","width":997,"height":412,"caption":"Dario Felipe Cabello"},"image":{"@id":"https:\/\/dariofelipecabello.com\/es\/#\/schema\/logo\/image\/"},"sameAs":["https:\/\/www.instagram.com\/dariofcabello","https:\/\/www.instagram.com\/plasticabello"]}]}},"jetpack_sharing_enabled":true,"_links":{"self":[{"href":"https:\/\/dariofelipecabello.com\/en\/wp-json\/wp\/v2\/product\/1756","targetHints":{"allow":["GET"]}}],"collection":[{"href":"https:\/\/dariofelipecabello.com\/en\/wp-json\/wp\/v2\/product"}],"about":[{"href":"https:\/\/dariofelipecabello.com\/en\/wp-json\/wp\/v2\/types\/product"}],"replies":[{"embeddable":true,"href":"https:\/\/dariofelipecabello.com\/en\/wp-json\/wp\/v2\/comments?post=1756"}],"wp:featuredmedia":[{"embeddable":true,"href":"https:\/\/dariofelipecabello.com\/en\/wp-json\/wp\/v2\/media\/430"}],"wp:attachment":[{"href":"https:\/\/dariofelipecabello.com\/en\/wp-json\/wp\/v2\/media?parent=1756"}],"wp:term":[{"taxonomy":"product_cat","embeddable":true,"href":"https:\/\/dariofelipecabello.com\/en\/wp-json\/wp\/v2\/product_cat?post=1756"},{"taxonomy":"product_tag","embeddable":true,"href":"https:\/\/dariofelipecabello.com\/en\/wp-json\/wp\/v2\/product_tag?post=1756"}],"curies":[{"name":"wp","href":"https:\/\/api.w.org\/{rel}","templated":true}]}}